{"id":47,"date":"2022-01-15T21:02:47","date_gmt":"2022-01-16T00:02:47","guid":{"rendered":"http:\/\/www.grupocma.com.br\/cma\/wordpress\/?page_id=47"},"modified":"2022-02-18T13:49:32","modified_gmt":"2022-02-18T16:49:32","slug":"exames-medicos","status":"publish","type":"page","link":"https:\/\/www.grupocma.com.br\/cma\/wordpress\/exames-medicos\/","title":{"rendered":"Exames M\u00e9dicos"},"content":{"rendered":"\n<div class=\"wp-block-kadence-rowlayout alignnone\"><div id=\"kt-layout-id_6d3153-a7\" class=\"kt-row-layout-inner kt-layout-id_6d3153-a7\"><div class=\"kt-row-column-wrap kt-has-1-columns kt-gutter-default kt-v-gutter-default kt-row-valign-top kt-row-layout-equal kt-tab-layout-inherit kt-m-colapse-left-to-right kt-mobile-layout-row\">\n<div class=\"wp-block-kadence-column inner-column-1 kadence-column_ce39de-b7\"><div class=\"kt-inside-inner-col\"><style id=\"kt-blocks_d25a60-bf\">.kt-accordion-id_d25a60-bf .kt-accordion-panel-inner {background:#eeeeee;border-width:0px 0px 0px 0px;}.kt-accordion-id_d25a60-bf .wp-block-kadence-pane .kt-accordion-header-wrap .kt-blocks-accordion-header {color:#444444;background:#ffffff;border-color:#f2f2f2 #f2f2f2 #f2f2f2 #f2f2f2;font-size:18px;line-height:24px;border-radius:0px 0px 0px 0px;border-width:0px 0px 4px 0px;padding-top:14px;padding-right:10px;padding-bottom:6px;padding-left:16px;margin-top:8px;}.kt-accordion-id_d25a60-bf .kt-blocks-accordion-header .kt-btn-svg-icon svg {width:18px;height:18px;}.kt-accordion-id_d25a60-bf:not( .kt-accodion-icon-style-basiccircle ):not( .kt-accodion-icon-style-xclosecircle ):not( .kt-accodion-icon-style-arrowcircle ) .kt-blocks-accordion-icon-trigger:after, .kt-accordion-id_d25a60-bf:not( .kt-accodion-icon-style-basiccircle ):not( .kt-accodion-icon-style-xclosecircle ):not( .kt-accodion-icon-style-arrowcircle ) .kt-blocks-accordion-icon-trigger:before {background:#444444;}.kt-accordion-id_d25a60-bf:not( .kt-accodion-icon-style-basic ):not( .kt-accodion-icon-style-xclose ):not( .kt-accodion-icon-style-arrow ) .kt-blocks-accordion-icon-trigger {background:#444444;}.kt-accordion-id_d25a60-bf:not( .kt-accodion-icon-style-basic ):not( .kt-accodion-icon-style-xclose ):not( .kt-accodion-icon-style-arrow ) .kt-blocks-accordion-icon-trigger:after, .kt-accordion-id_d25a60-bf:not( .kt-accodion-icon-style-basic ):not( .kt-accodion-icon-style-xclose ):not( .kt-accodion-icon-style-arrow ) .kt-blocks-accordion-icon-trigger:before {background:#ffffff;}.kt-accordion-id_d25a60-bf .kt-accordion-header-wrap .kt-blocks-accordion-header:hover, .kt-accordion-id_d25a60-bf .kt-accordion-header-wrap .kt-blocks-accordion-header:focus {color:#444444;background:#ffffff;border-color:#eeeeee #eeeeee #eeeeee #eeeeee;}.kt-accordion-id_d25a60-bf:not( .kt-accodion-icon-style-basiccircle ):not( .kt-accodion-icon-style-xclosecircle ):not( .kt-accodion-icon-style-arrowcircle ) .kt-blocks-accordion-header:hover .kt-blocks-accordion-icon-trigger:after, .kt-accordion-id_d25a60-bf:not( .kt-accodion-icon-style-basiccircle ):not( .kt-accodion-icon-style-xclosecircle ):not( .kt-accodion-icon-style-arrowcircle ) .kt-blocks-accordion-header:hover .kt-blocks-accordion-icon-trigger:before, .kt-accordion-id_d25a60-bf:not( .kt-accodion-icon-style-basiccircle ):not( .kt-accodion-icon-style-xclosecircle ):not( .kt-accodion-icon-style-arrowcircle ) .kt-blocks-accordion-header:focus .kt-blocks-accordion-icon-trigger:after, .kt-accordion-id_d25a60-bf:not( .kt-accodion-icon-style-basiccircle ):not( .kt-accodion-icon-style-xclosecircle ):not( .kt-accodion-icon-style-arrowcircle ) .kt-blocks-accordion-header:focus .kt-blocks-accordion-icon-trigger:before {background:#444444;}.kt-accordion-id_d25a60-bf:not( .kt-accodion-icon-style-basic ):not( .kt-accodion-icon-style-xclose ):not( .kt-accodion-icon-style-arrow ) .kt-blocks-accordion-header:hover .kt-blocks-accordion-icon-trigger, .kt-accordion-id_d25a60-bf:not( .kt-accodion-icon-style-basic ):not( .kt-accodion-icon-style-xclose ):not( .kt-accodion-icon-style-arrow ) .kt-blocks-accordion-header:focus .kt-blocks-accordion-icon-trigger {background:#444444;}.kt-accordion-id_d25a60-bf:not( .kt-accodion-icon-style-basic ):not( .kt-accodion-icon-style-xclose ):not( .kt-accodion-icon-style-arrow ) .kt-blocks-accordion-header:hover .kt-blocks-accordion-icon-trigger:after, .kt-accordion-id_d25a60-bf:not( .kt-accodion-icon-style-basic ):not( .kt-accodion-icon-style-xclose ):not( .kt-accodion-icon-style-arrow ) .kt-blocks-accordion-header:hover .kt-blocks-accordion-icon-trigger:before, .kt-accordion-id_d25a60-bf:not( .kt-accodion-icon-style-basic ):not( .kt-accodion-icon-style-xclose ):not( .kt-accodion-icon-style-arrow ) .kt-blocks-accordion-header:focus .kt-blocks-accordion-icon-trigger:after, .kt-accordion-id_d25a60-bf:not( .kt-accodion-icon-style-basic ):not( .kt-accodion-icon-style-xclose ):not( .kt-accodion-icon-style-arrow ) .kt-blocks-accordion-header:focus .kt-blocks-accordion-icon-trigger:before {background:#ffffff;}.kt-accordion-id_d25a60-bf .kt-accordion-header-wrap .kt-blocks-accordion-header.kt-accordion-panel-active {color:#333333;background:#ffffff;border-color:#0e9cd1 #0e9cd1 #0e9cd1 #0e9cd1;}.kt-accordion-id_d25a60-bf:not( .kt-accodion-icon-style-basiccircle ):not( .kt-accodion-icon-style-xclosecircle ):not( .kt-accodion-icon-style-arrowcircle ) .kt-blocks-accordion-header.kt-accordion-panel-active .kt-blocks-accordion-icon-trigger:after, .kt-accordion-id_d25a60-bf:not( .kt-accodion-icon-style-basiccircle ):not( .kt-accodion-icon-style-xclosecircle ):not( .kt-accodion-icon-style-arrowcircle ) .kt-blocks-accordion-header.kt-accordion-panel-active .kt-blocks-accordion-icon-trigger:before {background:#333333;}.kt-accordion-id_d25a60-bf:not( .kt-accodion-icon-style-basic ):not( .kt-accodion-icon-style-xclose ):not( .kt-accodion-icon-style-arrow ) .kt-blocks-accordion-header.kt-accordion-panel-active .kt-blocks-accordion-icon-trigger {background:#333333;}.kt-accordion-id_d25a60-bf:not( .kt-accodion-icon-style-basic ):not( .kt-accodion-icon-style-xclose ):not( .kt-accodion-icon-style-arrow ) .kt-blocks-accordion-header.kt-accordion-panel-active .kt-blocks-accordion-icon-trigger:after, .kt-accordion-id_d25a60-bf:not( .kt-accodion-icon-style-basic ):not( .kt-accodion-icon-style-xclose ):not( .kt-accodion-icon-style-arrow ) .kt-blocks-accordion-header.kt-accordion-panel-active .kt-blocks-accordion-icon-trigger:before {background:#ffffff;}<\/style>\n<div class=\"wp-block-kadence-accordion alignnone\"><div class=\"kt-accordion-wrap kt-accordion-wrap kt-accordion-id_d25a60-bf kt-accordion-has-9-panes kt-active-pane-0 kt-accordion-block kt-pane-header-alignment-left kt-accodion-icon-style-none kt-accodion-icon-side-right\" style=\"max-width:none\"><div class=\"kt-accordion-inner-wrap\" data-allow-multiple-open=\"false\" data-start-open=\"0\">\n<div class=\"wp-block-kadence-pane kt-accordion-pane kt-accordion-pane-1 kt-pane_0f628b-6c\" id=\"espirometria\"><div class=\"kt-accordion-header-wrap\"><button class=\"kt-blocks-accordion-header kt-acccordion-button-label-show\"><span class=\"kt-blocks-accordion-title-wrap\"><span class=\"kt-blocks-accordion-title\"> Espirometria <\/span><\/span><span class=\"kt-blocks-accordion-icon-trigger\"><\/span><\/button><\/div><div class=\"kt-accordion-panel\"><div class=\"kt-accordion-panel-inner\">\n<p> A CMA facilita a vida da sua empresa realizando o exame de espirometria , quando recomendado no PCMSO ( Programa de Controle M\u00e9dico e Sa\u00fade Ocupacional) tanto em nossa cl\u00ednica quando nas depend\u00eancias das empresas clientes. <\/p>\n<\/div><\/div><\/div>\n\n\n\n<div class=\"wp-block-kadence-pane kt-accordion-pane kt-accordion-pane-2 kt-pane_6658e7-a9\" id=\"eletroencefalograma\"><div class=\"kt-accordion-header-wrap\"><button class=\"kt-blocks-accordion-header kt-acccordion-button-label-show\"><span class=\"kt-blocks-accordion-title-wrap\"><span class=\"kt-blocks-accordion-title\"> Eletroencefalograma (EEG) <\/span><\/span><span class=\"kt-blocks-accordion-icon-trigger\"><\/span><\/button><\/div><div class=\"kt-accordion-panel\"><div class=\"kt-accordion-panel-inner\">\n<p> A CMA facilita a vida da sua empresa realizando o exame de ELETROENCEFALOG RAMA (EEG) estudo do registro gr\u00e1fico das correntes el\u00e9tricas desenvolvidas no c\u00e9rebro quando recomendado no PCMSO (Programa de Controle M\u00e9dico e Sa\u00fade Ocupacional) tanto em nossa cl\u00ednica quando nas depend\u00eancias das empresas clientes. <\/p>\n<\/div><\/div><\/div>\n\n\n\n<div class=\"wp-block-kadence-pane kt-accordion-pane kt-accordion-pane-3 kt-pane_966f8d-60\" id=\"eletrocardiograma\"><div class=\"kt-accordion-header-wrap\"><button class=\"kt-blocks-accordion-header kt-acccordion-button-label-show\"><span class=\"kt-blocks-accordion-title-wrap\"><span class=\"kt-blocks-accordion-title\"> Eletrocardiograma (ECG) <\/span><\/span><span class=\"kt-blocks-accordion-icon-trigger\"><\/span><\/button><\/div><div class=\"kt-accordion-panel\"><div class=\"kt-accordion-panel-inner\">\n<p> A CMA facilita a vida da sua empresa realizando o exame de Eletrocardiograma (ECG) uma grava\u00e7\u00e3o da atividade el\u00e9trica do cora\u00e7\u00e3o, usada para diagnosticar arritmias, quando recomendado no PCMSO (Programa de Controle M\u00e9dico e Sa\u00fade Ocupacional) tanto em nossa cl\u00ednica, quanto nas depend\u00eancias das empresas clientes. <\/p>\n<\/div><\/div><\/div>\n\n\n\n<div class=\"wp-block-kadence-pane kt-accordion-pane kt-accordion-pane-4 kt-pane_c9f25b-90\" id=\"audiometria\"><div class=\"kt-accordion-header-wrap\"><button class=\"kt-blocks-accordion-header kt-acccordion-button-label-show\"><span class=\"kt-blocks-accordion-title-wrap\"><span class=\"kt-blocks-accordion-title\"> Audiometria <\/span><\/span><span class=\"kt-blocks-accordion-icon-trigger\"><\/span><\/button><\/div><div class=\"kt-accordion-panel\"><div class=\"kt-accordion-panel-inner\">\n<p> A CMA descomplica a vida da sua empresa realizando a Audiometria do seu funcion\u00e1rio em nossa cl\u00ednica ou in loco com instala\u00e7\u00f5es de \u00faltima gera\u00e7\u00e3o e profissionais altamente capacitados para fornecer rapidez e o cuidado que voc\u00ea merece. <\/p>\n<\/div><\/div><\/div>\n\n\n\n<div class=\"wp-block-kadence-pane kt-accordion-pane kt-accordion-pane-5 kt-pane_a5e55d-3f\" id=\"raio-x\"><div class=\"kt-accordion-header-wrap\"><button class=\"kt-blocks-accordion-header kt-acccordion-button-label-show\"><span class=\"kt-blocks-accordion-title-wrap\"><span class=\"kt-blocks-accordion-title\"> Raio-X <\/span><\/span><span class=\"kt-blocks-accordion-icon-trigger\"><\/span><\/button><\/div><div class=\"kt-accordion-panel\"><div class=\"kt-accordion-panel-inner\">\n<p> A CMA descomplica a vida do seu colaborador realizando Raio-X em nossa cl\u00ednica, com instala\u00e7\u00f5es de \u00faltima gera\u00e7\u00e3o e profissionais altamente capacitados para fornecer rapidez e o cuidado que voc\u00ea merece. <\/p>\n<\/div><\/div><\/div>\n\n\n\n<div class=\"wp-block-kadence-pane kt-accordion-pane kt-accordion-pane-6 kt-pane_dd7ae0-f3\" id=\"sangue\"><div class=\"kt-accordion-header-wrap\"><button class=\"kt-blocks-accordion-header kt-acccordion-button-label-show\"><span class=\"kt-blocks-accordion-title-wrap\"><span class=\"kt-blocks-accordion-title\"> Sangue <\/span><\/span><span class=\"kt-blocks-accordion-icon-trigger\"><\/span><\/button><\/div><div class=\"kt-accordion-panel\"><div class=\"kt-accordion-panel-inner\">\n<p>  A CMA descomplica a vida do seu colaborador realizando a coleta de exames de sangue em nossa cl\u00ednica, com instala\u00e7\u00f5es de \u00faltima gera\u00e7\u00e3o e profissionais altamente capacitados para fornecer rapidez e o cuidado que voc\u00ea merece. <\/p>\n<\/div><\/div><\/div>\n\n\n\n<div class=\"wp-block-kadence-pane kt-accordion-pane kt-accordion-pane-7 kt-pane_f1fdd4-e5\" id=\"fezes\"><div class=\"kt-accordion-header-wrap\"><button class=\"kt-blocks-accordion-header kt-acccordion-button-label-show\"><span class=\"kt-blocks-accordion-title-wrap\"><span class=\"kt-blocks-accordion-title\"> Fezes PPF (Protoparasitol\u00f3gico) e Coprocultura <\/span><\/span><span class=\"kt-blocks-accordion-icon-trigger\"><\/span><\/button><\/div><div class=\"kt-accordion-panel\"><div class=\"kt-accordion-panel-inner\">\n<p> A CMA descomplica a vida da sua empresa realizando a coleta de Fezes PPF (Protoparasitol\u00f3gico) e Coprocultura realizados em nossa cl\u00ednica, com profissionais altamente capacitados para fornecer qualidade e rapidez sem que o funcion\u00e1rio perca tempo fazendo os exames. <\/p>\n<\/div><\/div><\/div>\n\n\n\n<div class=\"wp-block-kadence-pane kt-accordion-pane kt-accordion-pane-8 kt-pane_62f46a-b1\" id=\"urina\"><div class=\"kt-accordion-header-wrap\"><button class=\"kt-blocks-accordion-header kt-acccordion-button-label-show\"><span class=\"kt-blocks-accordion-title-wrap\"><span class=\"kt-blocks-accordion-title\"> Urina <\/span><\/span><span class=\"kt-blocks-accordion-icon-trigger\"><\/span><\/button><\/div><div class=\"kt-accordion-panel\"><div class=\"kt-accordion-panel-inner\">\n<p> A CMA descomplica a vida da sua empresa realizando a coleta de exames, realizados em nossa cl\u00ednica, com profissionais altamente capacitados e com a qualidade e rapidez para que seu colaborador n\u00e3o perca tempo de servi\u00e7o para a realiza\u00e7\u00e3o desses exames. <\/p>\n<\/div><\/div><\/div>\n\n\n\n<div class=\"wp-block-kadence-pane kt-accordion-pane kt-accordion-pane-9 kt-pane_9027b6-3d\" id=\"acuidade-visual\"><div class=\"kt-accordion-header-wrap\"><button class=\"kt-blocks-accordion-header kt-acccordion-button-label-show\"><span class=\"kt-blocks-accordion-title-wrap\"><span class=\"kt-blocks-accordion-title\"> Acuidade Visual <\/span><\/span><span class=\"kt-blocks-accordion-icon-trigger\"><\/span><\/button><\/div><div class=\"kt-accordion-panel\"><div class=\"kt-accordion-panel-inner\">\n<p> A CMA facilita a vida da sua empresa realizando o exame oftalmol\u00f3gico de acuidade visual de seus colaboradores com profissionais altamente capacitados. <\/p>\n<\/div><\/div><\/div>\n<\/div><\/div><\/div>\n<\/div><\/div>\n<\/div><\/div><\/div>\n\n\n\n<p> <\/p>\n","protected":false},"excerpt":{"rendered":"","protected":false},"author":1,"featured_media":0,"parent":0,"menu_order":0,"comment_status":"closed","ping_status":"closed","template":"template-parts\/template-page-full-width.php","meta":{"footnotes":""},"class_list":["post-47","page","type-page","status-publish","hentry"],"yoast_head":"<!-- This site is optimized with the Yoast SEO plugin v18.2 - https:\/\/yoast.com\/wordpress\/plugins\/seo\/ -->\n<title>Exames M\u00e9dicos -<\/title>\n<meta name=\"robots\" content=\"index, follow, max-snippet:-1, max-image-preview:large, max-video-preview:-1\" \/>\n<link rel=\"canonical\" href=\"http:\/\/www.grupocma.com.br\/cma\/wordpress\/exames-medicos\/\" \/>\n<meta property=\"og:locale\" content=\"pt_BR\" \/>\n<meta property=\"og:type\" content=\"article\" \/>\n<meta property=\"og:title\" content=\"Exames M\u00e9dicos -\" \/>\n<meta property=\"og:url\" content=\"http:\/\/www.grupocma.com.br\/cma\/wordpress\/exames-medicos\/\" \/>\n<meta property=\"article:modified_time\" content=\"2022-02-18T16:49:32+00:00\" \/>\n<meta name=\"twitter:card\" content=\"summary_large_image\" \/>\n<meta name=\"twitter:label1\" content=\"Est. tempo de leitura\" \/>\n\t<meta name=\"twitter:data1\" content=\"2 minutos\" \/>\n<script type=\"application\/ld+json\" class=\"yoast-schema-graph\">{\"@context\":\"https:\/\/schema.org\",\"@graph\":[{\"@type\":\"WebSite\",\"@id\":\"http:\/\/www.grupocma.com.br\/cma\/wordpress\/#website\",\"url\":\"http:\/\/www.grupocma.com.br\/cma\/wordpress\/\",\"name\":\"\",\"description\":\"\",\"potentialAction\":[{\"@type\":\"SearchAction\",\"target\":{\"@type\":\"EntryPoint\",\"urlTemplate\":\"http:\/\/www.grupocma.com.br\/cma\/wordpress\/?s={search_term_string}\"},\"query-input\":\"required name=search_term_string\"}],\"inLanguage\":\"pt-BR\"},{\"@type\":\"WebPage\",\"@id\":\"http:\/\/www.grupocma.com.br\/cma\/wordpress\/exames-medicos\/#webpage\",\"url\":\"http:\/\/www.grupocma.com.br\/cma\/wordpress\/exames-medicos\/\",\"name\":\"Exames M\u00e9dicos -\",\"isPartOf\":{\"@id\":\"http:\/\/www.grupocma.com.br\/cma\/wordpress\/#website\"},\"datePublished\":\"2022-01-16T00:02:47+00:00\",\"dateModified\":\"2022-02-18T16:49:32+00:00\",\"breadcrumb\":{\"@id\":\"http:\/\/www.grupocma.com.br\/cma\/wordpress\/exames-medicos\/#breadcrumb\"},\"inLanguage\":\"pt-BR\",\"potentialAction\":[{\"@type\":\"ReadAction\",\"target\":[\"http:\/\/www.grupocma.com.br\/cma\/wordpress\/exames-medicos\/\"]}]},{\"@type\":\"BreadcrumbList\",\"@id\":\"http:\/\/www.grupocma.com.br\/cma\/wordpress\/exames-medicos\/#breadcrumb\",\"itemListElement\":[{\"@type\":\"ListItem\",\"position\":1,\"name\":\"In\u00edcio\",\"item\":\"http:\/\/www.grupocma.com.br\/cma\/wordpress\/\"},{\"@type\":\"ListItem\",\"position\":2,\"name\":\"Exames M\u00e9dicos\"}]}]}<\/script>\n<!-- \/ Yoast SEO plugin. -->","yoast_head_json":{"title":"Exames M\u00e9dicos -","robots":{"index":"index","follow":"follow","max-snippet":"max-snippet:-1","max-image-preview":"max-image-preview:large","max-video-preview":"max-video-preview:-1"},"canonical":"http:\/\/www.grupocma.com.br\/cma\/wordpress\/exames-medicos\/","og_locale":"pt_BR","og_type":"article","og_title":"Exames M\u00e9dicos -","og_url":"http:\/\/www.grupocma.com.br\/cma\/wordpress\/exames-medicos\/","article_modified_time":"2022-02-18T16:49:32+00:00","twitter_card":"summary_large_image","twitter_misc":{"Est. tempo de leitura":"2 minutos"},"schema":{"@context":"https:\/\/schema.org","@graph":[{"@type":"WebSite","@id":"http:\/\/www.grupocma.com.br\/cma\/wordpress\/#website","url":"http:\/\/www.grupocma.com.br\/cma\/wordpress\/","name":"","description":"","potentialAction":[{"@type":"SearchAction","target":{"@type":"EntryPoint","urlTemplate":"http:\/\/www.grupocma.com.br\/cma\/wordpress\/?s={search_term_string}"},"query-input":"required name=search_term_string"}],"inLanguage":"pt-BR"},{"@type":"WebPage","@id":"http:\/\/www.grupocma.com.br\/cma\/wordpress\/exames-medicos\/#webpage","url":"http:\/\/www.grupocma.com.br\/cma\/wordpress\/exames-medicos\/","name":"Exames M\u00e9dicos -","isPartOf":{"@id":"http:\/\/www.grupocma.com.br\/cma\/wordpress\/#website"},"datePublished":"2022-01-16T00:02:47+00:00","dateModified":"2022-02-18T16:49:32+00:00","breadcrumb":{"@id":"http:\/\/www.grupocma.com.br\/cma\/wordpress\/exames-medicos\/#breadcrumb"},"inLanguage":"pt-BR","potentialAction":[{"@type":"ReadAction","target":["http:\/\/www.grupocma.com.br\/cma\/wordpress\/exames-medicos\/"]}]},{"@type":"BreadcrumbList","@id":"http:\/\/www.grupocma.com.br\/cma\/wordpress\/exames-medicos\/#breadcrumb","itemListElement":[{"@type":"ListItem","position":1,"name":"In\u00edcio","item":"http:\/\/www.grupocma.com.br\/cma\/wordpress\/"},{"@type":"ListItem","position":2,"name":"Exames M\u00e9dicos"}]}]}},"_links":{"self":[{"href":"https:\/\/www.grupocma.com.br\/cma\/wordpress\/wp-json\/wp\/v2\/pages\/47","targetHints":{"allow":["GET"]}}],"collection":[{"href":"https:\/\/www.grupocma.com.br\/cma\/wordpress\/wp-json\/wp\/v2\/pages"}],"about":[{"href":"https:\/\/www.grupocma.com.br\/cma\/wordpress\/wp-json\/wp\/v2\/types\/page"}],"author":[{"embeddable":true,"href":"https:\/\/www.grupocma.com.br\/cma\/wordpress\/wp-json\/wp\/v2\/users\/1"}],"replies":[{"embeddable":true,"href":"https:\/\/www.grupocma.com.br\/cma\/wordpress\/wp-json\/wp\/v2\/comments?post=47"}],"version-history":[{"count":17,"href":"https:\/\/www.grupocma.com.br\/cma\/wordpress\/wp-json\/wp\/v2\/pages\/47\/revisions"}],"predecessor-version":[{"id":664,"href":"https:\/\/www.grupocma.com.br\/cma\/wordpress\/wp-json\/wp\/v2\/pages\/47\/revisions\/664"}],"wp:attachment":[{"href":"https:\/\/www.grupocma.com.br\/cma\/wordpress\/wp-json\/wp\/v2\/media?parent=47"}],"curies":[{"name":"wp","href":"https:\/\/api.w.org\/{rel}","templated":true}]}}