{"id":60,"date":"2022-01-16T19:04:06","date_gmt":"2022-01-16T22:04:06","guid":{"rendered":"http:\/\/www.grupocma.com.br\/cma\/wordpress\/?page_id=60"},"modified":"2022-02-23T10:20:25","modified_gmt":"2022-02-23T13:20:25","slug":"laudos-e-documentacoes","status":"publish","type":"page","link":"https:\/\/www.grupocma.com.br\/cma\/wordpress\/laudos-e-documentacoes\/","title":{"rendered":"Laudos e Documenta\u00e7\u00f5es"},"content":{"rendered":"\n<div class=\"wp-block-kadence-rowlayout alignnone\"><div id=\"kt-layout-id_d3ed52-7a\" class=\"kt-row-layout-inner kt-layout-id_d3ed52-7a\"><div class=\"kt-row-column-wrap kt-has-1-columns kt-gutter-default kt-v-gutter-default kt-row-valign-top kt-row-layout-equal kt-tab-layout-inherit kt-m-colapse-left-to-right kt-mobile-layout-row\">\n<div class=\"wp-block-kadence-column inner-column-1 kadence-column_9e43d4-15\"><div class=\"kt-inside-inner-col\"><style id=\"kt-blocks_a28341-27\">.kt-accordion-id_a28341-27 .kt-accordion-panel-inner {background:#eeeeee;border-width:0px 0px 0px 0px;}.kt-accordion-id_a28341-27 .wp-block-kadence-pane .kt-accordion-header-wrap .kt-blocks-accordion-header {color:#444444;background:#ffffff;border-color:#f2f2f2 #f2f2f2 #f2f2f2 #f2f2f2;font-size:18px;line-height:24px;border-radius:0px 0px 0px 0px;border-width:0px 0px 4px 0px;padding-top:14px;padding-right:10px;padding-bottom:6px;padding-left:16px;margin-top:8px;}.kt-accordion-id_a28341-27 .kt-blocks-accordion-header .kt-btn-svg-icon svg {width:18px;height:18px;}.kt-accordion-id_a28341-27:not( .kt-accodion-icon-style-basiccircle ):not( .kt-accodion-icon-style-xclosecircle ):not( .kt-accodion-icon-style-arrowcircle ) .kt-blocks-accordion-icon-trigger:after, .kt-accordion-id_a28341-27:not( .kt-accodion-icon-style-basiccircle ):not( .kt-accodion-icon-style-xclosecircle ):not( .kt-accodion-icon-style-arrowcircle ) .kt-blocks-accordion-icon-trigger:before {background:#444444;}.kt-accordion-id_a28341-27:not( .kt-accodion-icon-style-basic ):not( .kt-accodion-icon-style-xclose ):not( .kt-accodion-icon-style-arrow ) .kt-blocks-accordion-icon-trigger {background:#444444;}.kt-accordion-id_a28341-27:not( .kt-accodion-icon-style-basic ):not( .kt-accodion-icon-style-xclose ):not( .kt-accodion-icon-style-arrow ) .kt-blocks-accordion-icon-trigger:after, .kt-accordion-id_a28341-27:not( .kt-accodion-icon-style-basic ):not( .kt-accodion-icon-style-xclose ):not( .kt-accodion-icon-style-arrow ) .kt-blocks-accordion-icon-trigger:before {background:#ffffff;}.kt-accordion-id_a28341-27 .kt-accordion-header-wrap .kt-blocks-accordion-header:hover, .kt-accordion-id_a28341-27 .kt-accordion-header-wrap .kt-blocks-accordion-header:focus {color:#444444;background:#ffffff;border-color:#eeeeee #eeeeee #eeeeee #eeeeee;}.kt-accordion-id_a28341-27:not( .kt-accodion-icon-style-basiccircle ):not( .kt-accodion-icon-style-xclosecircle ):not( .kt-accodion-icon-style-arrowcircle ) .kt-blocks-accordion-header:hover .kt-blocks-accordion-icon-trigger:after, .kt-accordion-id_a28341-27:not( .kt-accodion-icon-style-basiccircle ):not( .kt-accodion-icon-style-xclosecircle ):not( .kt-accodion-icon-style-arrowcircle ) .kt-blocks-accordion-header:hover .kt-blocks-accordion-icon-trigger:before, .kt-accordion-id_a28341-27:not( .kt-accodion-icon-style-basiccircle ):not( .kt-accodion-icon-style-xclosecircle ):not( .kt-accodion-icon-style-arrowcircle ) .kt-blocks-accordion-header:focus .kt-blocks-accordion-icon-trigger:after, .kt-accordion-id_a28341-27:not( .kt-accodion-icon-style-basiccircle ):not( .kt-accodion-icon-style-xclosecircle ):not( .kt-accodion-icon-style-arrowcircle ) .kt-blocks-accordion-header:focus .kt-blocks-accordion-icon-trigger:before {background:#444444;}.kt-accordion-id_a28341-27:not( .kt-accodion-icon-style-basic ):not( .kt-accodion-icon-style-xclose ):not( .kt-accodion-icon-style-arrow ) .kt-blocks-accordion-header:hover .kt-blocks-accordion-icon-trigger, .kt-accordion-id_a28341-27:not( .kt-accodion-icon-style-basic ):not( .kt-accodion-icon-style-xclose ):not( .kt-accodion-icon-style-arrow ) .kt-blocks-accordion-header:focus .kt-blocks-accordion-icon-trigger {background:#444444;}.kt-accordion-id_a28341-27:not( .kt-accodion-icon-style-basic ):not( .kt-accodion-icon-style-xclose ):not( .kt-accodion-icon-style-arrow ) .kt-blocks-accordion-header:hover .kt-blocks-accordion-icon-trigger:after, .kt-accordion-id_a28341-27:not( .kt-accodion-icon-style-basic ):not( .kt-accodion-icon-style-xclose ):not( .kt-accodion-icon-style-arrow ) .kt-blocks-accordion-header:hover .kt-blocks-accordion-icon-trigger:before, .kt-accordion-id_a28341-27:not( .kt-accodion-icon-style-basic ):not( .kt-accodion-icon-style-xclose ):not( .kt-accodion-icon-style-arrow ) .kt-blocks-accordion-header:focus .kt-blocks-accordion-icon-trigger:after, .kt-accordion-id_a28341-27:not( .kt-accodion-icon-style-basic ):not( .kt-accodion-icon-style-xclose ):not( .kt-accodion-icon-style-arrow ) .kt-blocks-accordion-header:focus .kt-blocks-accordion-icon-trigger:before {background:#ffffff;}.kt-accordion-id_a28341-27 .kt-accordion-header-wrap .kt-blocks-accordion-header.kt-accordion-panel-active {color:#333333;background:#ffffff;border-color:#0e9cd1 #0e9cd1 #0e9cd1 #0e9cd1;}.kt-accordion-id_a28341-27:not( .kt-accodion-icon-style-basiccircle ):not( .kt-accodion-icon-style-xclosecircle ):not( .kt-accodion-icon-style-arrowcircle ) .kt-blocks-accordion-header.kt-accordion-panel-active .kt-blocks-accordion-icon-trigger:after, .kt-accordion-id_a28341-27:not( .kt-accodion-icon-style-basiccircle ):not( .kt-accodion-icon-style-xclosecircle ):not( .kt-accodion-icon-style-arrowcircle ) .kt-blocks-accordion-header.kt-accordion-panel-active .kt-blocks-accordion-icon-trigger:before {background:#333333;}.kt-accordion-id_a28341-27:not( .kt-accodion-icon-style-basic ):not( .kt-accodion-icon-style-xclose ):not( .kt-accodion-icon-style-arrow ) .kt-blocks-accordion-header.kt-accordion-panel-active .kt-blocks-accordion-icon-trigger {background:#333333;}.kt-accordion-id_a28341-27:not( .kt-accodion-icon-style-basic ):not( .kt-accodion-icon-style-xclose ):not( .kt-accodion-icon-style-arrow ) .kt-blocks-accordion-header.kt-accordion-panel-active .kt-blocks-accordion-icon-trigger:after, .kt-accordion-id_a28341-27:not( .kt-accodion-icon-style-basic ):not( .kt-accodion-icon-style-xclose ):not( .kt-accodion-icon-style-arrow ) .kt-blocks-accordion-header.kt-accordion-panel-active .kt-blocks-accordion-icon-trigger:before {background:#ffffff;}<\/style>\n<div class=\"wp-block-kadence-accordion alignnone\"><div class=\"kt-accordion-wrap kt-accordion-wrap kt-accordion-id_a28341-27 kt-accordion-has-10-panes kt-active-pane-0 kt-accordion-block kt-pane-header-alignment-left kt-accodion-icon-style-none kt-accodion-icon-side-right\" style=\"max-width:none\"><div class=\"kt-accordion-inner-wrap\" data-allow-multiple-open=\"false\" data-start-open=\"0\">\n<div class=\"wp-block-kadence-pane kt-accordion-pane kt-accordion-pane-1 kt-pane_0df1b7-e1\" id=\"laudos-renovacoes\"><div class=\"kt-accordion-header-wrap\"><button class=\"kt-blocks-accordion-header kt-acccordion-button-label-show\"><span class=\"kt-blocks-accordion-title-wrap\"><span class=\"kt-blocks-accordion-title\"> Laudos, Renova\u00e7\u00f5es de Licen\u00e7as, projetos: SPDA, AVCB, IBAMA, CETESB <\/span><\/span><span class=\"kt-blocks-accordion-icon-trigger\"><\/span><\/button><\/div><div class=\"kt-accordion-panel\"><div class=\"kt-accordion-panel-inner\">\n<p> A legisla\u00e7\u00e3o brasileira prev\u00ea medidas para a preven\u00e7\u00e3o de riscos de acordo com o que o trabalhador est\u00e1 exposto. Quando falamos de risco em ambiente de trabalho a legisla\u00e7\u00e3o \u00e9 clara e exige que as empresas que promovem esse tipo de exposi\u00e7\u00e3o aos colaboradores tenham total responsabilidade com as diretrizes e estejam sempre em dia com a documenta\u00e7\u00e3o. A CMA facilita a vida da sua empresa monitorando e executando esses laudos. <\/p>\n<\/div><\/div><\/div>\n\n\n\n<div class=\"wp-block-kadence-pane kt-accordion-pane kt-accordion-pane-2 kt-pane_63cd8a-3a\" id=\"ltcat\"><div class=\"kt-accordion-header-wrap\"><button class=\"kt-blocks-accordion-header kt-acccordion-button-label-show\"><span class=\"kt-blocks-accordion-title-wrap\"><span class=\"kt-blocks-accordion-title\"> LTCAT <\/span><\/span><span class=\"kt-blocks-accordion-icon-trigger\"><\/span><\/button><\/div><div class=\"kt-accordion-panel\"><div class=\"kt-accordion-panel-inner\">\n<p> O LTCAT (Laudo T\u00e9cnico das Condi\u00e7\u00f5es do Ambiente de Trabalho) \u00e9 um documento com o registro de riscos f\u00edsicos, qu\u00edmicos ou biol\u00f3gicos do ambiente de trabalho que podem amea\u00e7ar a sa\u00fade e integridade do trabalhador durante a vida laboral. O laudo cont\u00e9m avalia\u00e7\u00f5es de riscos e apresenta solu\u00e7\u00f5es de como os mesmos podem ser reduzidos. <\/p>\n<\/div><\/div><\/div>\n\n\n\n<div class=\"wp-block-kadence-pane kt-accordion-pane kt-accordion-pane-3 kt-pane_ed4c9c-8a\" id=\"ppp\"><div class=\"kt-accordion-header-wrap\"><button class=\"kt-blocks-accordion-header kt-acccordion-button-label-show\"><span class=\"kt-blocks-accordion-title-wrap\"><span class=\"kt-blocks-accordion-title\"> PPP <\/span><\/span><span class=\"kt-blocks-accordion-icon-trigger\"><\/span><\/button><\/div><div class=\"kt-accordion-panel\"><div class=\"kt-accordion-panel-inner\">\n<p> O PPP \u00e9 um documento hist\u00f3rico-laboral que tem como objetivo comprovar perante ao INSS a efetiva exposi\u00e7\u00e3o do segurado aos agentes nocivos durante todo um per\u00edodo laboral, para fins de requerimento dos benef\u00edcios previdenci\u00e1rios, como a aposentadoria especial.  A CMA facilita a vida da sua empresa confeccionando e fornecendo os PPP&#8217;s de seus colaboradores. <\/p>\n<\/div><\/div><\/div>\n\n\n\n<div class=\"wp-block-kadence-pane kt-accordion-pane kt-accordion-pane-4 kt-pane_42bf37-52\" id=\"pca\"><div class=\"kt-accordion-header-wrap\"><button class=\"kt-blocks-accordion-header kt-acccordion-button-label-show\"><span class=\"kt-blocks-accordion-title-wrap\"><span class=\"kt-blocks-accordion-title\"> PCA <\/span><\/span><span class=\"kt-blocks-accordion-icon-trigger\"><\/span><\/button><\/div><div class=\"kt-accordion-panel\"><div class=\"kt-accordion-panel-inner\">\n<p> A legisla\u00e7\u00e3o brasileira prev\u00ea medidas para a preven\u00e7\u00e3o de doen\u00e7as ocupacionais de acordo com o risco que o trabalhador est\u00e1 exposto. Quando falamos do risco f\u00edsico ru\u00eddo a legisla\u00e7\u00e3o \u00e9 clara e exige que as empresas que tenham o n\u00edvel de press\u00e3o sonora elevado como um dos agentes de risco levantado pelo Programa de Preven\u00e7\u00e3o de Riscos Ambientais (PPRA) devem organizar, sob sua responsabilidade, um Programa de Conserva\u00e7\u00e3o Auditiva (PCA) \u2013 NR 9. <\/p>\n<\/div><\/div><\/div>\n\n\n\n<div class=\"wp-block-kadence-pane kt-accordion-pane kt-accordion-pane-5 kt-pane_770368-06\" id=\"pgr\"><div class=\"kt-accordion-header-wrap\"><button class=\"kt-blocks-accordion-header kt-acccordion-button-label-show\"><span class=\"kt-blocks-accordion-title-wrap\"><span class=\"kt-blocks-accordion-title\"> PGR<\/span><\/span><span class=\"kt-blocks-accordion-icon-trigger\"><\/span><\/button><\/div><div class=\"kt-accordion-panel\"><div class=\"kt-accordion-panel-inner\">\n<p> <\/p>\n\n\n\n<p>  O Programa de Gerenciamento de Riscos, que entra em vigor agora in\u00edcio de 2022, deve estar em sintonia com as v\u00e1rias a\u00e7\u00f5es dentro das empresas, como todas as opera\u00e7\u00f5es e equipamentos.<\/p>\n\n\n\n<p>O PGR deve contemplar riscos f\u00edsicos, qu\u00edmicos e biol\u00f3gicos, atmosferas explosivas, defici\u00eancia de oxig\u00eanio, ventila\u00e7\u00e3o, prote\u00e7\u00e3o respirat\u00f3ria, investiga\u00e7\u00e3o e an\u00e1lise de acidentes do trabalho, ergonomia e organiza\u00e7\u00e3o do trabalho, riscos decorrentes do trabalho em altura, profundidade e espa\u00e7os confinados, equipamento de prote\u00e7\u00e3o individual de uso obrigat\u00f3rio, estabilidade do maci\u00e7o, plano de emerg\u00eancia, introdu\u00e7\u00e3o de novas tecnologias, al\u00e9m dos riscos ambientais, que incluem todos aqueles com potencial para gerar acidentes, como potencial para gerar acidentes no trabalho, seja pela natureza, concentra\u00e7\u00e3o, intensidade ou tempo de exposi\u00e7\u00e3o. Podem ser ocasionados por agentes f\u00edsicos, qu\u00edmicos, biol\u00f3gicos e ergon\u00f4micos.<\/p>\n\n\n\n<p>Na hora da elabora\u00e7\u00e3o, o PGR deve conter invent\u00e1rio de riscos e plano de a\u00e7\u00e3o com todos os dados necess\u00e1rios. Lembrando que a implanta\u00e7\u00e3o do programa \u00e9 de total responsabilidade do empregador e tem validade de 2 anos.<\/p>\n<\/div><\/div><\/div>\n\n\n\n<div class=\"wp-block-kadence-pane kt-accordion-pane kt-accordion-pane-6 kt-pane_c023d5-90\" id=\"pcmso\"><div class=\"kt-accordion-header-wrap\"><button class=\"kt-blocks-accordion-header kt-acccordion-button-label-show\"><span class=\"kt-blocks-accordion-title-wrap\"><span class=\"kt-blocks-accordion-title\"> PCMSO<\/span><\/span><span class=\"kt-blocks-accordion-icon-trigger\"><\/span><\/button><\/div><div class=\"kt-accordion-panel\"><div class=\"kt-accordion-panel-inner\">\n<p> A CMA desenvolve periodicamente e de forma integrada ao PPRA (Programa de Preben\u00e7\u00e3o a Riscos Ambientais), o PCMSO (Programa de Controle M\u00e9dico e Sa\u00fade Ocupacional), que determina as modalidades de exames a que cada colaborador dever\u00e1 ser submetido. A CMA est\u00e1 apta a realizar o programa para empresas dos mais diversos portes e ramos de atua\u00e7\u00e3o atendendo na plenitude o que \u00e9 exigido na NR 07 bem como as in\u00fameras normas de qualidade internacionais. <\/p>\n<\/div><\/div><\/div>\n\n\n\n<div class=\"wp-block-kadence-pane kt-accordion-pane kt-accordion-pane-7 kt-pane_cde01a-02\" id=\"pcmat\"><div class=\"kt-accordion-header-wrap\"><button class=\"kt-blocks-accordion-header kt-acccordion-button-label-show\"><span class=\"kt-blocks-accordion-title-wrap\"><span class=\"kt-blocks-accordion-title\"> PCMAT <\/span><\/span><span class=\"kt-blocks-accordion-icon-trigger\"><\/span><\/button><\/div><div class=\"kt-accordion-panel\"><div class=\"kt-accordion-panel-inner\">\n<p> O PCMAT (Programa de Condi\u00e7\u00f5es e Meio Ambiente de Trabalho na Ind\u00fastria de Constru\u00e7\u00e3o Civil) exigido pela NR 18, \u00e9 o planejamento e a orienta\u00e7\u00e3o em rela\u00e7\u00e3o a quais medidas e procedimentos devem ser adotados pela empresa bem como pelos funcion\u00e1rios para reduzir riscos no ambiente de trabalho, evitar adoecimento da equipe e estipular estrat\u00e9gias em casos de acidentes. A CMA facilita a vida da sua empresa elaborando e fornecendo o PCMAT. <\/p>\n<\/div><\/div><\/div>\n\n\n\n<div class=\"wp-block-kadence-pane kt-accordion-pane kt-accordion-pane-8 kt-pane_dd45f7-6f\" id=\"avaliacao-ergonomica\"><div class=\"kt-accordion-header-wrap\"><button class=\"kt-blocks-accordion-header kt-acccordion-button-label-show\"><span class=\"kt-blocks-accordion-title-wrap\"><span class=\"kt-blocks-accordion-title\"> Avalia\u00e7\u00e3o Ergon\u00f4mica do Trabalho <\/span><\/span><span class=\"kt-blocks-accordion-icon-trigger\"><\/span><\/button><\/div><div class=\"kt-accordion-panel\"><div class=\"kt-accordion-panel-inner\">\n<p> A legisla\u00e7\u00e3o brasileira prev\u00ea medidas para o controle da exposi\u00e7\u00e3o a riscos ergon\u00f4micos ( NR &#8211; 17) , para facilitar o cumprimento desta obriga\u00e7\u00e3o a CMA elabora e disponibiliza a avalia\u00e7\u00e3o ergon\u00f4mica dos postos de trabalho. <\/p>\n<\/div><\/div><\/div>\n\n\n\n<div class=\"wp-block-kadence-pane kt-accordion-pane kt-accordion-pane-9 kt-pane_a5d533-c7\" id=\"laudo-periculosidade\"><div class=\"kt-accordion-header-wrap\"><button class=\"kt-blocks-accordion-header kt-acccordion-button-label-show\"><span class=\"kt-blocks-accordion-title-wrap\"><span class=\"kt-blocks-accordion-title\"> Laudo de Periculosidade <\/span><\/span><span class=\"kt-blocks-accordion-icon-trigger\"><\/span><\/button><\/div><div class=\"kt-accordion-panel\"><div class=\"kt-accordion-panel-inner\">\n<p> A legisla\u00e7\u00e3o brasileira prev\u00ea diretrizes para a preven\u00e7\u00e3o de doen\u00e7as ocupacionais e acidentes de trabalho. A CMA facilita a vida na sua empresa preparando esses documentos para que sua empresa n\u00e3o tenha problemas legais. <\/p>\n<\/div><\/div><\/div>\n\n\n\n<div class=\"wp-block-kadence-pane kt-accordion-pane kt-accordion-pane-10 kt-pane_63b998-09\" id=\"laudo-insalubridade\"><div class=\"kt-accordion-header-wrap\"><button class=\"kt-blocks-accordion-header kt-acccordion-button-label-show\"><span class=\"kt-blocks-accordion-title-wrap\"><span class=\"kt-blocks-accordion-title\"> Laudo de Insalubridade <\/span><\/span><span class=\"kt-blocks-accordion-icon-trigger\"><\/span><\/button><\/div><div class=\"kt-accordion-panel\"><div class=\"kt-accordion-panel-inner\">\n<p> A legisla\u00e7\u00e3o brasileira prev\u00ea diretrizes para a preven\u00e7\u00e3o de doen\u00e7as ocupacionais e acidentes de trabalho. A CMA facilita a vida na sua empresa preparando esses documentos para que sua empresa n\u00e3o tenha problemas legais. <\/p>\n<\/div><\/div><\/div>\n<\/div><\/div><\/div>\n<\/div><\/div>\n<\/div><\/div><\/div>\n\n\n\n<p> <\/p>\n\n\n\n<p> <\/p>\n","protected":false},"excerpt":{"rendered":"","protected":false},"author":1,"featured_media":0,"parent":0,"menu_order":0,"comment_status":"closed","ping_status":"closed","template":"template-parts\/template-page-full-width.php","meta":{"footnotes":""},"class_list":["post-60","page","type-page","status-publish","hentry"],"yoast_head":"<!-- This site is optimized with the Yoast SEO plugin v18.2 - https:\/\/yoast.com\/wordpress\/plugins\/seo\/ -->\n<title>Laudos e Documenta\u00e7\u00f5es -<\/title>\n<meta name=\"robots\" content=\"index, follow, max-snippet:-1, max-image-preview:large, max-video-preview:-1\" \/>\n<link rel=\"canonical\" href=\"http:\/\/www.grupocma.com.br\/cma\/wordpress\/laudos-e-documentacoes\/\" \/>\n<meta property=\"og:locale\" content=\"pt_BR\" \/>\n<meta property=\"og:type\" content=\"article\" \/>\n<meta property=\"og:title\" content=\"Laudos e Documenta\u00e7\u00f5es -\" \/>\n<meta property=\"og:url\" content=\"http:\/\/www.grupocma.com.br\/cma\/wordpress\/laudos-e-documentacoes\/\" \/>\n<meta property=\"article:modified_time\" content=\"2022-02-23T13:20:25+00:00\" \/>\n<meta name=\"twitter:card\" content=\"summary_large_image\" \/>\n<meta name=\"twitter:label1\" content=\"Est. tempo de leitura\" \/>\n\t<meta name=\"twitter:data1\" content=\"4 minutos\" \/>\n<script type=\"application\/ld+json\" class=\"yoast-schema-graph\">{\"@context\":\"https:\/\/schema.org\",\"@graph\":[{\"@type\":\"WebSite\",\"@id\":\"http:\/\/www.grupocma.com.br\/cma\/wordpress\/#website\",\"url\":\"http:\/\/www.grupocma.com.br\/cma\/wordpress\/\",\"name\":\"\",\"description\":\"\",\"potentialAction\":[{\"@type\":\"SearchAction\",\"target\":{\"@type\":\"EntryPoint\",\"urlTemplate\":\"http:\/\/www.grupocma.com.br\/cma\/wordpress\/?s={search_term_string}\"},\"query-input\":\"required name=search_term_string\"}],\"inLanguage\":\"pt-BR\"},{\"@type\":\"WebPage\",\"@id\":\"http:\/\/www.grupocma.com.br\/cma\/wordpress\/laudos-e-documentacoes\/#webpage\",\"url\":\"http:\/\/www.grupocma.com.br\/cma\/wordpress\/laudos-e-documentacoes\/\",\"name\":\"Laudos e Documenta\u00e7\u00f5es -\",\"isPartOf\":{\"@id\":\"http:\/\/www.grupocma.com.br\/cma\/wordpress\/#website\"},\"datePublished\":\"2022-01-16T22:04:06+00:00\",\"dateModified\":\"2022-02-23T13:20:25+00:00\",\"breadcrumb\":{\"@id\":\"http:\/\/www.grupocma.com.br\/cma\/wordpress\/laudos-e-documentacoes\/#breadcrumb\"},\"inLanguage\":\"pt-BR\",\"potentialAction\":[{\"@type\":\"ReadAction\",\"target\":[\"http:\/\/www.grupocma.com.br\/cma\/wordpress\/laudos-e-documentacoes\/\"]}]},{\"@type\":\"BreadcrumbList\",\"@id\":\"http:\/\/www.grupocma.com.br\/cma\/wordpress\/laudos-e-documentacoes\/#breadcrumb\",\"itemListElement\":[{\"@type\":\"ListItem\",\"position\":1,\"name\":\"In\u00edcio\",\"item\":\"http:\/\/www.grupocma.com.br\/cma\/wordpress\/\"},{\"@type\":\"ListItem\",\"position\":2,\"name\":\"Laudos e Documenta\u00e7\u00f5es\"}]}]}<\/script>\n<!-- \/ Yoast SEO plugin. -->","yoast_head_json":{"title":"Laudos e Documenta\u00e7\u00f5es -","robots":{"index":"index","follow":"follow","max-snippet":"max-snippet:-1","max-image-preview":"max-image-preview:large","max-video-preview":"max-video-preview:-1"},"canonical":"http:\/\/www.grupocma.com.br\/cma\/wordpress\/laudos-e-documentacoes\/","og_locale":"pt_BR","og_type":"article","og_title":"Laudos e Documenta\u00e7\u00f5es -","og_url":"http:\/\/www.grupocma.com.br\/cma\/wordpress\/laudos-e-documentacoes\/","article_modified_time":"2022-02-23T13:20:25+00:00","twitter_card":"summary_large_image","twitter_misc":{"Est. tempo de leitura":"4 minutos"},"schema":{"@context":"https:\/\/schema.org","@graph":[{"@type":"WebSite","@id":"http:\/\/www.grupocma.com.br\/cma\/wordpress\/#website","url":"http:\/\/www.grupocma.com.br\/cma\/wordpress\/","name":"","description":"","potentialAction":[{"@type":"SearchAction","target":{"@type":"EntryPoint","urlTemplate":"http:\/\/www.grupocma.com.br\/cma\/wordpress\/?s={search_term_string}"},"query-input":"required name=search_term_string"}],"inLanguage":"pt-BR"},{"@type":"WebPage","@id":"http:\/\/www.grupocma.com.br\/cma\/wordpress\/laudos-e-documentacoes\/#webpage","url":"http:\/\/www.grupocma.com.br\/cma\/wordpress\/laudos-e-documentacoes\/","name":"Laudos e Documenta\u00e7\u00f5es -","isPartOf":{"@id":"http:\/\/www.grupocma.com.br\/cma\/wordpress\/#website"},"datePublished":"2022-01-16T22:04:06+00:00","dateModified":"2022-02-23T13:20:25+00:00","breadcrumb":{"@id":"http:\/\/www.grupocma.com.br\/cma\/wordpress\/laudos-e-documentacoes\/#breadcrumb"},"inLanguage":"pt-BR","potentialAction":[{"@type":"ReadAction","target":["http:\/\/www.grupocma.com.br\/cma\/wordpress\/laudos-e-documentacoes\/"]}]},{"@type":"BreadcrumbList","@id":"http:\/\/www.grupocma.com.br\/cma\/wordpress\/laudos-e-documentacoes\/#breadcrumb","itemListElement":[{"@type":"ListItem","position":1,"name":"In\u00edcio","item":"http:\/\/www.grupocma.com.br\/cma\/wordpress\/"},{"@type":"ListItem","position":2,"name":"Laudos e Documenta\u00e7\u00f5es"}]}]}},"_links":{"self":[{"href":"https:\/\/www.grupocma.com.br\/cma\/wordpress\/wp-json\/wp\/v2\/pages\/60","targetHints":{"allow":["GET"]}}],"collection":[{"href":"https:\/\/www.grupocma.com.br\/cma\/wordpress\/wp-json\/wp\/v2\/pages"}],"about":[{"href":"https:\/\/www.grupocma.com.br\/cma\/wordpress\/wp-json\/wp\/v2\/types\/page"}],"author":[{"embeddable":true,"href":"https:\/\/www.grupocma.com.br\/cma\/wordpress\/wp-json\/wp\/v2\/users\/1"}],"replies":[{"embeddable":true,"href":"https:\/\/www.grupocma.com.br\/cma\/wordpress\/wp-json\/wp\/v2\/comments?post=60"}],"version-history":[{"count":16,"href":"https:\/\/www.grupocma.com.br\/cma\/wordpress\/wp-json\/wp\/v2\/pages\/60\/revisions"}],"predecessor-version":[{"id":907,"href":"https:\/\/www.grupocma.com.br\/cma\/wordpress\/wp-json\/wp\/v2\/pages\/60\/revisions\/907"}],"wp:attachment":[{"href":"https:\/\/www.grupocma.com.br\/cma\/wordpress\/wp-json\/wp\/v2\/media?parent=60"}],"curies":[{"name":"wp","href":"https:\/\/api.w.org\/{rel}","templated":true}]}}