{"id":68,"date":"2022-01-16T20:00:26","date_gmt":"2022-01-16T23:00:26","guid":{"rendered":"http:\/\/www.grupocma.com.br\/cma\/wordpress\/?page_id=68"},"modified":"2022-02-18T13:50:30","modified_gmt":"2022-02-18T16:50:30","slug":"visitas-tecnicas","status":"publish","type":"page","link":"https:\/\/www.grupocma.com.br\/cma\/wordpress\/visitas-tecnicas\/","title":{"rendered":"Visitas T\u00e9cnicas"},"content":{"rendered":"\n<div class=\"wp-block-kadence-rowlayout alignnone\"><div id=\"kt-layout-id_e74a17-47\" class=\"kt-row-layout-inner kt-layout-id_e74a17-47\"><div class=\"kt-row-column-wrap kt-has-1-columns kt-gutter-default kt-v-gutter-default kt-row-valign-top kt-row-layout-equal kt-tab-layout-inherit kt-m-colapse-left-to-right kt-mobile-layout-row\">\n<div class=\"wp-block-kadence-column inner-column-1 kadence-column_bf8f4a-4a\"><div class=\"kt-inside-inner-col\"><style id=\"kt-blocks_78102f-23\">.kt-accordion-id_78102f-23 .kt-accordion-panel-inner {background:#eeeeee;border-width:0px 0px 0px 0px;}.kt-accordion-id_78102f-23 .wp-block-kadence-pane .kt-accordion-header-wrap .kt-blocks-accordion-header {color:#444444;background:#ffffff;border-color:#f2f2f2 #f2f2f2 #f2f2f2 #f2f2f2;font-size:18px;line-height:24px;border-radius:0px 0px 0px 0px;border-width:0px 0px 4px 0px;padding-top:14px;padding-right:10px;padding-bottom:6px;padding-left:16px;margin-top:8px;}.kt-accordion-id_78102f-23 .kt-blocks-accordion-header .kt-btn-svg-icon svg {width:18px;height:18px;}.kt-accordion-id_78102f-23:not( .kt-accodion-icon-style-basiccircle ):not( .kt-accodion-icon-style-xclosecircle ):not( .kt-accodion-icon-style-arrowcircle ) .kt-blocks-accordion-icon-trigger:after, .kt-accordion-id_78102f-23:not( .kt-accodion-icon-style-basiccircle ):not( .kt-accodion-icon-style-xclosecircle ):not( .kt-accodion-icon-style-arrowcircle ) .kt-blocks-accordion-icon-trigger:before {background:#444444;}.kt-accordion-id_78102f-23:not( .kt-accodion-icon-style-basic ):not( .kt-accodion-icon-style-xclose ):not( .kt-accodion-icon-style-arrow ) .kt-blocks-accordion-icon-trigger {background:#444444;}.kt-accordion-id_78102f-23:not( .kt-accodion-icon-style-basic ):not( .kt-accodion-icon-style-xclose ):not( .kt-accodion-icon-style-arrow ) .kt-blocks-accordion-icon-trigger:after, .kt-accordion-id_78102f-23:not( .kt-accodion-icon-style-basic ):not( .kt-accodion-icon-style-xclose ):not( .kt-accodion-icon-style-arrow ) .kt-blocks-accordion-icon-trigger:before {background:#ffffff;}.kt-accordion-id_78102f-23 .kt-accordion-header-wrap .kt-blocks-accordion-header:hover, .kt-accordion-id_78102f-23 .kt-accordion-header-wrap .kt-blocks-accordion-header:focus {color:#444444;background:#ffffff;border-color:#eeeeee #eeeeee #eeeeee #eeeeee;}.kt-accordion-id_78102f-23:not( .kt-accodion-icon-style-basiccircle ):not( .kt-accodion-icon-style-xclosecircle ):not( .kt-accodion-icon-style-arrowcircle ) .kt-blocks-accordion-header:hover .kt-blocks-accordion-icon-trigger:after, .kt-accordion-id_78102f-23:not( .kt-accodion-icon-style-basiccircle ):not( .kt-accodion-icon-style-xclosecircle ):not( .kt-accodion-icon-style-arrowcircle ) .kt-blocks-accordion-header:hover .kt-blocks-accordion-icon-trigger:before, .kt-accordion-id_78102f-23:not( .kt-accodion-icon-style-basiccircle ):not( .kt-accodion-icon-style-xclosecircle ):not( .kt-accodion-icon-style-arrowcircle ) .kt-blocks-accordion-header:focus .kt-blocks-accordion-icon-trigger:after, .kt-accordion-id_78102f-23:not( .kt-accodion-icon-style-basiccircle ):not( .kt-accodion-icon-style-xclosecircle ):not( .kt-accodion-icon-style-arrowcircle ) .kt-blocks-accordion-header:focus .kt-blocks-accordion-icon-trigger:before {background:#444444;}.kt-accordion-id_78102f-23:not( .kt-accodion-icon-style-basic ):not( .kt-accodion-icon-style-xclose ):not( .kt-accodion-icon-style-arrow ) .kt-blocks-accordion-header:hover .kt-blocks-accordion-icon-trigger, .kt-accordion-id_78102f-23:not( .kt-accodion-icon-style-basic ):not( .kt-accodion-icon-style-xclose ):not( .kt-accodion-icon-style-arrow ) .kt-blocks-accordion-header:focus .kt-blocks-accordion-icon-trigger {background:#444444;}.kt-accordion-id_78102f-23:not( .kt-accodion-icon-style-basic ):not( .kt-accodion-icon-style-xclose ):not( .kt-accodion-icon-style-arrow ) .kt-blocks-accordion-header:hover .kt-blocks-accordion-icon-trigger:after, .kt-accordion-id_78102f-23:not( .kt-accodion-icon-style-basic ):not( .kt-accodion-icon-style-xclose ):not( .kt-accodion-icon-style-arrow ) .kt-blocks-accordion-header:hover .kt-blocks-accordion-icon-trigger:before, .kt-accordion-id_78102f-23:not( .kt-accodion-icon-style-basic ):not( .kt-accodion-icon-style-xclose ):not( .kt-accodion-icon-style-arrow ) .kt-blocks-accordion-header:focus .kt-blocks-accordion-icon-trigger:after, .kt-accordion-id_78102f-23:not( .kt-accodion-icon-style-basic ):not( .kt-accodion-icon-style-xclose ):not( .kt-accodion-icon-style-arrow ) .kt-blocks-accordion-header:focus .kt-blocks-accordion-icon-trigger:before {background:#ffffff;}.kt-accordion-id_78102f-23 .kt-accordion-header-wrap .kt-blocks-accordion-header.kt-accordion-panel-active {color:#333333;background:#ffffff;border-color:#0e9cd1 #0e9cd1 #0e9cd1 #0e9cd1;}.kt-accordion-id_78102f-23:not( .kt-accodion-icon-style-basiccircle ):not( .kt-accodion-icon-style-xclosecircle ):not( .kt-accodion-icon-style-arrowcircle ) .kt-blocks-accordion-header.kt-accordion-panel-active .kt-blocks-accordion-icon-trigger:after, .kt-accordion-id_78102f-23:not( .kt-accodion-icon-style-basiccircle ):not( .kt-accodion-icon-style-xclosecircle ):not( .kt-accodion-icon-style-arrowcircle ) .kt-blocks-accordion-header.kt-accordion-panel-active .kt-blocks-accordion-icon-trigger:before {background:#333333;}.kt-accordion-id_78102f-23:not( .kt-accodion-icon-style-basic ):not( .kt-accodion-icon-style-xclose ):not( .kt-accodion-icon-style-arrow ) .kt-blocks-accordion-header.kt-accordion-panel-active .kt-blocks-accordion-icon-trigger {background:#333333;}.kt-accordion-id_78102f-23:not( .kt-accodion-icon-style-basic ):not( .kt-accodion-icon-style-xclose ):not( .kt-accodion-icon-style-arrow ) .kt-blocks-accordion-header.kt-accordion-panel-active .kt-blocks-accordion-icon-trigger:after, .kt-accordion-id_78102f-23:not( .kt-accodion-icon-style-basic ):not( .kt-accodion-icon-style-xclose ):not( .kt-accodion-icon-style-arrow ) .kt-blocks-accordion-header.kt-accordion-panel-active .kt-blocks-accordion-icon-trigger:before {background:#ffffff;}<\/style>\n<div class=\"wp-block-kadence-accordion alignnone\"><div class=\"kt-accordion-wrap kt-accordion-wrap kt-accordion-id_78102f-23 kt-accordion-has-3-panes kt-active-pane-0 kt-accordion-block kt-pane-header-alignment-left kt-accodion-icon-style-none kt-accodion-icon-side-right\" style=\"max-width:none\"><div class=\"kt-accordion-inner-wrap\" data-allow-multiple-open=\"false\" data-start-open=\"0\">\n<div class=\"wp-block-kadence-pane kt-accordion-pane kt-accordion-pane-1 kt-pane_3918b5-26\" id=\"implantacao-cipa\"><div class=\"kt-accordion-header-wrap\"><button class=\"kt-blocks-accordion-header kt-acccordion-button-label-show\"><span class=\"kt-blocks-accordion-title-wrap\"><span class=\"kt-blocks-accordion-title\"> Implanta\u00e7\u00e3o da CIPA <\/span><\/span><span class=\"kt-blocks-accordion-icon-trigger\"><\/span><\/button><\/div><div class=\"kt-accordion-panel\"><div class=\"kt-accordion-panel-inner\">\n<p> A CMA facilita o cumprimento da NR- 05, propiciando a nossos clientes a assessoria completa para a implementa\u00e7\u00e3o, qualifica\u00e7\u00e3o e funcionamento da Comiss\u00e3o Interna de Preven\u00e7\u00e3o de Acidentes do Trabalho incluindo o dimensionamento correto, a organiza\u00e7\u00e3o das elei\u00e7\u00f5es, a forma\u00e7\u00e3o dos cipeiros e o acompanhamento das reuni\u00f5es mensais e o encaminhamento das medidas de preven\u00e7\u00e3o e conten\u00e7\u00e3o de riscos sugeridas por seus membros. <\/p>\n<\/div><\/div><\/div>\n\n\n\n<div class=\"wp-block-kadence-pane kt-accordion-pane kt-accordion-pane-2 kt-pane_626337-59\" id=\"medicoes-tecnicas\"><div class=\"kt-accordion-header-wrap\"><button class=\"kt-blocks-accordion-header kt-acccordion-button-label-show\"><span class=\"kt-blocks-accordion-title-wrap\"><span class=\"kt-blocks-accordion-title\"> Medi\u00e7\u00f5es t\u00e9cnicas Ru\u00eddo, qu\u00edmicas, calor, iluminosidade, vibra\u00e7\u00e3o <\/span><\/span><span class=\"kt-blocks-accordion-icon-trigger\"><\/span><\/button><\/div><div class=\"kt-accordion-panel\"><div class=\"kt-accordion-panel-inner\">\n<p> A legisla\u00e7\u00e3o brasileira prev\u00ea medidas para a preven\u00e7\u00e3o de riscos de acordo com o que o trabalhador est\u00e1 exposto. Quando falamos de risco em ambiente de trabalho a legisla\u00e7\u00e3o \u00e9 clara e exige que as empresas que promovem esse tipo de exposi\u00e7\u00e3o aos colaboradores tenham total responsabilidade com as diretrizes e estejam sempre em dia com medidas protetivas. A CMA facilita a vida da sua empresa lembrando dos prazos e vencimentos para renova\u00e7\u00f5es de documentos. <\/p>\n<\/div><\/div><\/div>\n\n\n\n<div class=\"wp-block-kadence-pane kt-accordion-pane kt-accordion-pane-3 kt-pane_aa916f-6f\" id=\"protocolo-coronavirus\"><div class=\"kt-accordion-header-wrap\"><button class=\"kt-blocks-accordion-header kt-acccordion-button-label-show\"><span class=\"kt-blocks-accordion-title-wrap\"><span class=\"kt-blocks-accordion-title\"> Protocolo de preven\u00e7\u00e3o ao coronav\u00edrus <\/span><\/span><span class=\"kt-blocks-accordion-icon-trigger\"><\/span><\/button><\/div><div class=\"kt-accordion-panel\"><div class=\"kt-accordion-panel-inner\">\n<p> Toda a empresa \u00e9 obrigada a adotar os novos protocolos necess\u00e1rios para promover o achatamento da curva de cont\u00e1gio da Covid-19, especificamente em rela\u00e7\u00e3o \u00e0s exig\u00eancias de Seguran\u00e7a e Sa\u00fade no Trabalho, destaca-se que as medidas adotadas n\u00e3o significam qualquer supress\u00e3o ou autoriza\u00e7\u00e3o para o descumprimento das Normas Regulamentadoras de Seguran\u00e7a e Sa\u00fade no Trabalho, sendo imperativo que trabalhadores e empregadores mantenham foco na preven\u00e7\u00e3o evitando a ocorr\u00eancia de acidentes de trabalho e doen\u00e7as ocupacionais.  <\/p>\n<\/div><\/div><\/div>\n<\/div><\/div><\/div>\n<\/div><\/div>\n<\/div><\/div><\/div>\n","protected":false},"excerpt":{"rendered":"","protected":false},"author":1,"featured_media":0,"parent":0,"menu_order":0,"comment_status":"closed","ping_status":"closed","template":"template-parts\/template-page-full-width.php","meta":{"footnotes":""},"class_list":["post-68","page","type-page","status-publish","hentry"],"yoast_head":"<!-- This site is optimized with the Yoast SEO plugin v18.2 - https:\/\/yoast.com\/wordpress\/plugins\/seo\/ -->\n<title>Visitas T\u00e9cnicas -<\/title>\n<meta name=\"robots\" content=\"index, follow, max-snippet:-1, max-image-preview:large, max-video-preview:-1\" \/>\n<link rel=\"canonical\" href=\"http:\/\/www.grupocma.com.br\/cma\/wordpress\/visitas-tecnicas\/\" \/>\n<meta property=\"og:locale\" content=\"pt_BR\" \/>\n<meta property=\"og:type\" content=\"article\" \/>\n<meta property=\"og:title\" content=\"Visitas T\u00e9cnicas -\" \/>\n<meta property=\"og:url\" content=\"http:\/\/www.grupocma.com.br\/cma\/wordpress\/visitas-tecnicas\/\" \/>\n<meta property=\"article:modified_time\" content=\"2022-02-18T16:50:30+00:00\" \/>\n<meta name=\"twitter:card\" content=\"summary_large_image\" \/>\n<meta name=\"twitter:label1\" content=\"Est. tempo de leitura\" \/>\n\t<meta name=\"twitter:data1\" content=\"2 minutos\" \/>\n<script type=\"application\/ld+json\" class=\"yoast-schema-graph\">{\"@context\":\"https:\/\/schema.org\",\"@graph\":[{\"@type\":\"WebSite\",\"@id\":\"http:\/\/www.grupocma.com.br\/cma\/wordpress\/#website\",\"url\":\"http:\/\/www.grupocma.com.br\/cma\/wordpress\/\",\"name\":\"\",\"description\":\"\",\"potentialAction\":[{\"@type\":\"SearchAction\",\"target\":{\"@type\":\"EntryPoint\",\"urlTemplate\":\"http:\/\/www.grupocma.com.br\/cma\/wordpress\/?s={search_term_string}\"},\"query-input\":\"required name=search_term_string\"}],\"inLanguage\":\"pt-BR\"},{\"@type\":\"WebPage\",\"@id\":\"http:\/\/www.grupocma.com.br\/cma\/wordpress\/visitas-tecnicas\/#webpage\",\"url\":\"http:\/\/www.grupocma.com.br\/cma\/wordpress\/visitas-tecnicas\/\",\"name\":\"Visitas T\u00e9cnicas -\",\"isPartOf\":{\"@id\":\"http:\/\/www.grupocma.com.br\/cma\/wordpress\/#website\"},\"datePublished\":\"2022-01-16T23:00:26+00:00\",\"dateModified\":\"2022-02-18T16:50:30+00:00\",\"breadcrumb\":{\"@id\":\"http:\/\/www.grupocma.com.br\/cma\/wordpress\/visitas-tecnicas\/#breadcrumb\"},\"inLanguage\":\"pt-BR\",\"potentialAction\":[{\"@type\":\"ReadAction\",\"target\":[\"http:\/\/www.grupocma.com.br\/cma\/wordpress\/visitas-tecnicas\/\"]}]},{\"@type\":\"BreadcrumbList\",\"@id\":\"http:\/\/www.grupocma.com.br\/cma\/wordpress\/visitas-tecnicas\/#breadcrumb\",\"itemListElement\":[{\"@type\":\"ListItem\",\"position\":1,\"name\":\"In\u00edcio\",\"item\":\"http:\/\/www.grupocma.com.br\/cma\/wordpress\/\"},{\"@type\":\"ListItem\",\"position\":2,\"name\":\"Visitas T\u00e9cnicas\"}]}]}<\/script>\n<!-- \/ Yoast SEO plugin. -->","yoast_head_json":{"title":"Visitas T\u00e9cnicas -","robots":{"index":"index","follow":"follow","max-snippet":"max-snippet:-1","max-image-preview":"max-image-preview:large","max-video-preview":"max-video-preview:-1"},"canonical":"http:\/\/www.grupocma.com.br\/cma\/wordpress\/visitas-tecnicas\/","og_locale":"pt_BR","og_type":"article","og_title":"Visitas T\u00e9cnicas -","og_url":"http:\/\/www.grupocma.com.br\/cma\/wordpress\/visitas-tecnicas\/","article_modified_time":"2022-02-18T16:50:30+00:00","twitter_card":"summary_large_image","twitter_misc":{"Est. tempo de leitura":"2 minutos"},"schema":{"@context":"https:\/\/schema.org","@graph":[{"@type":"WebSite","@id":"http:\/\/www.grupocma.com.br\/cma\/wordpress\/#website","url":"http:\/\/www.grupocma.com.br\/cma\/wordpress\/","name":"","description":"","potentialAction":[{"@type":"SearchAction","target":{"@type":"EntryPoint","urlTemplate":"http:\/\/www.grupocma.com.br\/cma\/wordpress\/?s={search_term_string}"},"query-input":"required name=search_term_string"}],"inLanguage":"pt-BR"},{"@type":"WebPage","@id":"http:\/\/www.grupocma.com.br\/cma\/wordpress\/visitas-tecnicas\/#webpage","url":"http:\/\/www.grupocma.com.br\/cma\/wordpress\/visitas-tecnicas\/","name":"Visitas T\u00e9cnicas -","isPartOf":{"@id":"http:\/\/www.grupocma.com.br\/cma\/wordpress\/#website"},"datePublished":"2022-01-16T23:00:26+00:00","dateModified":"2022-02-18T16:50:30+00:00","breadcrumb":{"@id":"http:\/\/www.grupocma.com.br\/cma\/wordpress\/visitas-tecnicas\/#breadcrumb"},"inLanguage":"pt-BR","potentialAction":[{"@type":"ReadAction","target":["http:\/\/www.grupocma.com.br\/cma\/wordpress\/visitas-tecnicas\/"]}]},{"@type":"BreadcrumbList","@id":"http:\/\/www.grupocma.com.br\/cma\/wordpress\/visitas-tecnicas\/#breadcrumb","itemListElement":[{"@type":"ListItem","position":1,"name":"In\u00edcio","item":"http:\/\/www.grupocma.com.br\/cma\/wordpress\/"},{"@type":"ListItem","position":2,"name":"Visitas T\u00e9cnicas"}]}]}},"_links":{"self":[{"href":"https:\/\/www.grupocma.com.br\/cma\/wordpress\/wp-json\/wp\/v2\/pages\/68","targetHints":{"allow":["GET"]}}],"collection":[{"href":"https:\/\/www.grupocma.com.br\/cma\/wordpress\/wp-json\/wp\/v2\/pages"}],"about":[{"href":"https:\/\/www.grupocma.com.br\/cma\/wordpress\/wp-json\/wp\/v2\/types\/page"}],"author":[{"embeddable":true,"href":"https:\/\/www.grupocma.com.br\/cma\/wordpress\/wp-json\/wp\/v2\/users\/1"}],"replies":[{"embeddable":true,"href":"https:\/\/www.grupocma.com.br\/cma\/wordpress\/wp-json\/wp\/v2\/comments?post=68"}],"version-history":[{"count":7,"href":"https:\/\/www.grupocma.com.br\/cma\/wordpress\/wp-json\/wp\/v2\/pages\/68\/revisions"}],"predecessor-version":[{"id":666,"href":"https:\/\/www.grupocma.com.br\/cma\/wordpress\/wp-json\/wp\/v2\/pages\/68\/revisions\/666"}],"wp:attachment":[{"href":"https:\/\/www.grupocma.com.br\/cma\/wordpress\/wp-json\/wp\/v2\/media?parent=68"}],"curies":[{"name":"wp","href":"https:\/\/api.w.org\/{rel}","templated":true}]}}